{"id":2,"date":"2020-02-10T12:20:19","date_gmt":"2020-02-10T11:20:19","guid":{"rendered":"http:\/\/schmets-architectes.lu\/?page_id=2"},"modified":"2020-09-15T15:15:31","modified_gmt":"2020-09-15T13:15:31","slug":"page-d-exemple","status":"publish","type":"page","link":"https:\/\/schmets-architectes.lu\/","title":{"rendered":"Schmets architectes SARL"},"content":{"rendered":"\n<p>Bureau d&rsquo;architectes situ\u00e9 \u00e0 Luxembourg-ville, les \u00e9quipes traitent tous types de projets priv\u00e9s et publics tels que transformation et construction d&rsquo;habitation, transformation de b\u00e2timents publics, mise en conformit\u00e9 de b\u00e2timents publics, etc.<\/p>\n\n\n\n<p>Le bureau r\u00e9alise \u00e9galement des expertises d&rsquo;\u00e9valuation, des expertises pour la r\u00e9ception d&rsquo;habitation \/ appartements, expertises pour accompagner les ma\u00eetres de l&rsquo;ouvrage en cas de litiges et\/ou vices de constructions, etc.<\/p>\n\n\n\n<p><\/p>\n\n\n\n<p><strong>Contactez-nous:<\/strong><\/p>\n\n\n\n<p>40, Boulevard Napol\u00e9on Ier L-2210 Luxembourg<\/p>\n\n\n\n<p>Tel: 25 33 10  Mail: info@schmets-architectes.lu<\/p>\n\n\n\n<p><\/p>\n\n\n\n<p><\/p>\n\n\n\n<p><strong>Site en cours de construction<\/strong><\/p>\n","protected":false},"excerpt":{"rendered":"<p>Bureau d&rsquo;architectes situ\u00e9 \u00e0 Luxembourg-ville, les \u00e9quipes traitent tous types de projets priv\u00e9s et publics tels que transformation et construction d&rsquo;habitation, transformation de b\u00e2timents publics, mise en conformit\u00e9 de b\u00e2timents publics, etc. Le bureau r\u00e9alise \u00e9galement des expertises d&rsquo;\u00e9valuation, des expertises pour la r\u00e9ception d&rsquo;habitation \/ appartements, expertises pour accompagner les ma\u00eetres de l&rsquo;ouvrage en [&hellip;]<\/p>\n","protected":false},"author":1,"featured_media":0,"parent":0,"menu_order":0,"comment_status":"closed","ping_status":"open","template":"","meta":[],"_links":{"self":[{"href":"https:\/\/schmets-architectes.lu\/index.php?rest_route=\/wp\/v2\/pages\/2"}],"collection":[{"href":"https:\/\/schmets-architectes.lu\/index.php?rest_route=\/wp\/v2\/pages"}],"about":[{"href":"https:\/\/schmets-architectes.lu\/index.php?rest_route=\/wp\/v2\/types\/page"}],"author":[{"embeddable":true,"href":"https:\/\/schmets-architectes.lu\/index.php?rest_route=\/wp\/v2\/users\/1"}],"replies":[{"embeddable":true,"href":"https:\/\/schmets-architectes.lu\/index.php?rest_route=%2Fwp%2Fv2%2Fcomments&post=2"}],"version-history":[{"count":6,"href":"https:\/\/schmets-architectes.lu\/index.php?rest_route=\/wp\/v2\/pages\/2\/revisions"}],"predecessor-version":[{"id":182,"href":"https:\/\/schmets-architectes.lu\/index.php?rest_route=\/wp\/v2\/pages\/2\/revisions\/182"}],"wp:attachment":[{"href":"https:\/\/schmets-architectes.lu\/index.php?rest_route=%2Fwp%2Fv2%2Fmedia&parent=2"}],"curies":[{"name":"wp","href":"https:\/\/api.w.org\/{rel}","templated":true}]}}